{"id":36182,"date":"2018-06-12T14:19:05","date_gmt":"2018-06-12T14:19:05","guid":{"rendered":"http:\/\/candela.com.pt\/siteen\/?page_id=36182"},"modified":"2019-03-21T11:58:33","modified_gmt":"2019-03-21T11:58:33","slug":"protecao-de-dados","status":"publish","type":"page","link":"https:\/\/candela.com.pt\/siteen\/protecao-de-dados\/","title":{"rendered":"Prote\u00e7\u00e3o de Dados"},"content":{"rendered":"<p>[et_pb_section fb_built=&#8221;1&#8243; module_id=&#8221;PP&#8221; _builder_version=&#8221;3.3.1&#8243; custom_margin=&#8221;0px||0px|&#8221; custom_padding=&#8221;0px|0px|0px|0px&#8221;][et_pb_row custom_padding=&#8221;100px||100px||true&#8221; custom_padding_tablet=&#8221;80px||80px|&#8221; custom_padding_phone=&#8221;60px||60px|&#8221; custom_margin=&#8221;0px||0px||true&#8221; custom_padding_last_edited=&#8221;on|desktop&#8221; _builder_version=&#8221;3.3.1&#8243; background_size=&#8221;initial&#8221; background_position=&#8221;top_left&#8221; background_repeat=&#8221;repeat&#8221;][et_pb_column type=&#8221;4_4&#8243; _builder_version=&#8221;3.0.47&#8243;][et_pb_text _builder_version=&#8221;3.14&#8243; text_font=&#8221;||||||||&#8221; text_font_size=&#8221;15px&#8221; text_line_height=&#8221;1.3em&#8221; header_font=&#8221;||||||||&#8221; text_orientation=&#8221;justified&#8221; custom_margin=&#8221;0px||0px|&#8221; custom_padding=&#8221;0px||0px|&#8221;]<\/p>\n<h1>Privacy Policy<\/h1>\n<p><\/p>\n<p><strong>GDPR &#8211; General Data Protection Regulation:<\/strong><\/p>\n<p>Your privacy is important to us.<br \/>We respect your privacy and are committed to protecting you. To best protect your privacy, we present this notice explaining our privacy practices and the options available for how your information is collected and used.<\/p>\n<p>In compliance with Law no. 67\/98, of October 26, on the Protection of Personal Data, we inform that the treatment of personal data collected on the site is our responsibility.<\/p>\n<p><strong>1 &#8211; Identity and contacts of responsible for data processing:<\/strong><br \/>The data collected on this Site are treat by &#8220;Candela &#8211; Produtos Sinaliza\u00e7\u00e3o Rodovi\u00e1ria, Lda.&#8221; With NIF: 510329829.<br \/>The information collected on our site is managed and controlled exclusively by us.<br \/>We provide sufficient warranties regarding the protection of your personal information that are administered in accordance with current legislation regarding the protection of personal information, as well as this privacy policy.<\/p>\n<p><strong>2 &#8211; Fundament of legitimacy of data processing:<\/strong><br \/>Through this site we may collect personal data, transmitted through the contact form with your consent.<\/p>\n<p><strong>3 &#8211; Purpose:<\/strong><br \/>Your data is collected for the purpose of:<br \/>&#8211; Answer your questions through the contact form;<br \/>&#8211; Send you information about our offers of products and services, news and events. (Newsletters)<\/p>\n<p><strong>4 &#8211; Conservation period of your data:<\/strong><br \/>The data collected and processed through the contact form will be kept only during the processing of your request, after this phase your data will be destroyed.<\/p>\n<p><strong>5 &#8211; Data Recipients:<\/strong><br \/>The personal information provided is for our company to be able to contact you and provide all the information you request through our contact form.<\/p>\n<p>Your personal data will never be disclosed to third parties, except in special cases, such as:<br \/>&#8211; Meet requirements imposed by law or by competent governmental or judicial authorities.<\/p>\n<p><strong>6 &#8211; Data security and confidentiality:<\/strong><br \/>We strive to implement all precautions necessary to preserve the confidentiality and security of your personal data.<\/p>\n<p><strong>7 &#8211; Your rights and how you can access, rectify or oppose the processing of your personal data:<\/strong><br \/>Under the terms of the law of personal data protection, the holder is entitled to access, update, rectify or delete their personal data. You can do that so through the contacts we provide.<\/p>\n<p>For any question regarding the collection and processing of your data, you can contact us by email or through our telephone contact.<\/p>\n<p><strong>8 &#8211; Data Usage:<\/strong><br \/>The personal information provided is for our company to be able to contact you and provide all the information you request through our contact form.<br \/>We undertake not to transfer or sell your personal data to third parties.<br \/>Only if we are obliged by law or by court decision will we disclose your personal data.<\/p>\n<p><strong>9 &#8211; How do we use the &#8220;cookies&#8221;?<\/strong><br \/>Cookies are stored in your computer through by your browser, retaining only the related information as your preferences, not including what your personal information is like.<\/p>\n<p>In the table below you can find more information about the various cookies we use and the purpose of each:<br \/>&#8211; Strictly needed cookies: They allow you to browse the website and use your apps. Without these cookies, the services you have requested can not be provided.<br \/>&#8211; Analytical Cookies: They are used anonymously for the purpose of creating and analyzing statistics in order to improve the functioning of the website.<br \/>&#8211; Feature Cookies: They guard your preferences about your site usage, so you do not have to reconfigure the site each time you visit.<\/p>\n<p><strong>10 \u2013 Contacts:<\/strong><br \/>If you need more information contact us through the following email: geral@candela.com.pt or by telephone: +351 234 106 605.<\/p>\n<p>[\/et_pb_text][\/et_pb_column][\/et_pb_row][\/et_pb_section][et_pb_section fb_built=&#8221;1&#8243; module_id=&#8221;RLO&#8221; _builder_version=&#8221;3.3.1&#8243; background_color=&#8221;#eeeeee&#8221; custom_margin=&#8221;0px||0px|&#8221; custom_padding=&#8221;0px|0px|0px|0px&#8221;][et_pb_row custom_padding=&#8221;100px||100px||true&#8221; custom_padding_tablet=&#8221;80px||80px|&#8221; custom_padding_phone=&#8221;60px||60px|&#8221; custom_margin=&#8221;0px||0px||true&#8221; custom_padding_last_edited=&#8221;on|desktop&#8221; _builder_version=&#8221;3.3.1&#8243; background_size=&#8221;initial&#8221; background_position=&#8221;top_left&#8221; background_repeat=&#8221;repeat&#8221;][et_pb_column type=&#8221;4_4&#8243; _builder_version=&#8221;3.0.47&#8243;][et_pb_text _builder_version=&#8221;3.14&#8243; text_font=&#8221;||||||||&#8221; text_font_size=&#8221;15px&#8221; text_line_height=&#8221;1.3em&#8221; header_font=&#8221;||||||||&#8221; text_orientation=&#8221;justified&#8221; custom_margin=&#8221;0px||0px|&#8221; custom_padding=&#8221;0px||0px|&#8221;]<\/p>\n<h1>Online Dispute Resolution<\/h1>\n<p><\/p>\n<p>In the event of a dispute, the consumer may use an Alternative Dispute Resolution Body.<\/p>\n<p>List of Alternative Dispute Resolution Organizations<br \/>(under Law no. 144\/2015 of 8 September)<\/p>\n<p><strong>CENTERS OF ARBITRATION OF GENERIC COMPETENCE<\/strong><\/p>\n<p>Centro Nacional de Informa\u00e7\u00e3o e Arbitragem de Conflitos de Consumo<br \/>Atua\u00e7\u00e3o em todo o territ\u00f3rio nacional, nas zonas n\u00e3o abrangidas por outro centro de arbitragem de compet\u00eancia regional<br \/>Contactos CNIACC \u2013 Centro Nacional de Informa\u00e7\u00e3o e Arbitragem de Conflitos de Consumo<br \/>Faculdade de Direito da Universidade Nova de Lisboa<br \/>Campus de Campolide<br \/>1099-032 Lisboa<br \/>Tel.: 213 847 484<br \/>E-mail: cniacc@fd.unl.pt<br \/>Web: www.arbitragemdeconsumo.org<\/p>\n<p><b>Centro de Informa\u00e7\u00e3o, Medi\u00e7\u00e3o e arbitragem de Conflitos de Consumo do Algarve<\/b><br \/>\u00c1rea geogr\u00e1fica abrangida: Contratos celebrados no Distrito de Faro.<br \/>Contactos CIMAAL \u2013 Centro de Informa\u00e7\u00e3o, Media\u00e7\u00e3o e Arbitragem de Conflitos de Consumo do Algarve<br \/>Edif\u00edcio Ninho de Empresas, Estrada da Penha, 8005-131 Faro<br \/>Tel.: 289 823 135<br \/>E-mail: apoio@consumidoronline.pt; cimaal@mail.telepac.pt<br \/>Web: www.consumidoronline.pt<\/p>\n<p><b>Centro de Arbitragem de Conflitos de Consumo do Distrito de Coimbra<\/b><br \/>\u00c1rea geogr\u00e1fica abrangida: Contratos celebrados nos munic\u00edpios de Arganil, Cantanhede, Coimbra, Condeixa-a-Nova, Figueira da Foz, G\u00f3is, Lous\u00e3, Mira, Miranda do Corvo, Montemor-o-Velho, Oliveira do Hospital, Penacova, Penela, Soure, T\u00e1bua, Vila Nova de Poiares.<br \/>Contactos Endere\u00e7o postal:<br \/>Av. Fern\u00e3o Magalh\u00e3es, n.\u00ba 240, 1\u00ba \u2013 3000-172 COIMBRA<br \/>Tel.: 239 821 690<br \/>E-mail: geral@centrodearbitragemdecoimbra.com<br \/>Web: www.centrodearbitragemdecoimbra.com<\/p>\n<p><b>Centro de Arbitragem de Conflitos de Consumo de Lisboa<\/b><br \/>\u00c1rea geogr\u00e1fica de abrang\u00eancia: Contratos celebrados na \u00c1rea Metropolitana de Lisboa, Alcochete, Almada, Amadora, Azambuja, Barreiro, Cascais, Lisboa, Loures, Mafra, Moita, Montijo, Odivelas, Oeiras, Palmela, Seixal, Sesimbra, Set\u00fabal, Sintra e Vila Franca de Xira.<br \/>Contactos Endere\u00e7o postal: Rua dos Douradores, 116, 2\u00ba \u2013 1100-207 LISBOA<br \/>Tel: 218 807 030<br \/>E-mail: juridico@centroarbitragemlisboa.pt \/ director@centroarbitragemlisboa.pt<br \/>Web: www.centroarbitragemlisboa.pt<\/p>\n<p><b>Centro de Informa\u00e7\u00e3o de Consumo e Arbitragem do Porto<\/b><br \/>\u00c1rea geogr\u00e1fica de abrang\u00eancia: Contratos celebrados na \u00c1rea Metropolitana do Porto, Arouca, Espinho, Gondomar, Maia, Matosinhos, Oliveira de Azem\u00e9is, Porto, P\u00f3voa de Varzim, Santa Maria da Feira, Santo Tirso, S\u00e3o Jo\u00e3o da Madeira, Trofa, Vale de Cambra, Valongo, Vila do Conde e Vila Nova de Gaia.<br \/>Contactos Endere\u00e7o postal: Rua Dami\u00e3o de G\u00f3is, 31 \u2013 Loja 6 \u2013 4050-225 Porto<br \/>Tel.: 225 508 349<br \/>E-mail: cicap@mail.telepac.pt<br \/>web: www.cicap.pt<\/p>\n<p><b>Centro de Informa\u00e7\u00e3o, Media\u00e7\u00e3o e Arbitragem de Consumo (Tribunal Arbitral de consumo)<\/b><br \/>\u00c1rea geogr\u00e1fica de abrang\u00eancia: Contratos celebrados nos munic\u00edpios de Amares, Arcos de Valdevez, Barcelos, Braga, Caminha, Esposende, Melga\u00e7o, Mon\u00e7\u00e3o, Montalegre, Paredes de Coura, Ponte da Barca, P\u00f3voa do Lanhoso, Terras do Bouro, Valen\u00e7a, Viana do Castelo, Vila Nova de Cerveira, Vieira do Minho, Vila Verde.<br \/>Contactos BRAGA:<br \/>Rua D Afonso Henriques, n\u00ba 1 (Ed Junta de Freguesia da S\u00e9) 4700 \u2013 030 BRAGA<br \/>Tel: 253 617 604<br \/>E-mail: geral@ciab.pt<br \/>VIANA DO CASTELO<br \/>Av Rocha Paris, n\u00ba 103 (Edif\u00edcio Vila Rosa) 4900 \u2013 394 VIANA DO CASTELO<br \/>Tel: 258 809 335<br \/>E-mail: ciab.viana@cm-viana-castelo.pt<br \/>Web: www.ciab.pt<\/p>\n<p><b>Centro de Arbitragem de Conflitos de Consumo da Madeira<\/b><br \/>\u00c1rea geogr\u00e1fica de abrang\u00eancia Contratos celebrados na Regi\u00e3o Aut\u00f3noma da Madeira.<br \/>Contactos Endere\u00e7o postal: Rua Direita n\u00ba. 27 \u2013 1\u00ba andar \u2013 9050-405 Funchal<br \/>Tel.: 291 215 070<br \/>E-mail: centroarbitragem.srias@madeira.gov.pt<br \/>Web: www.srrh.gov-madeira.pt\/In%C3%ADcio\/tabid\/292\/Default.aspx<\/p>\n<p><b>Centro de Arbitragem de Conflitos de Consumo do Vale do Ave \/ Tribunal Arbitral<\/b><br \/>\u00c1rea geogr\u00e1fica de abrang\u00eancia: Contratos celebrados nos munic\u00edpios de Cabeceiras de Basto, Fafe, Felgueiras, Guimar\u00e3es, P\u00f3voa de Lanhoso, P\u00f3voa de Varzim, Santo Tirso, Trofa, Vila do Conde, Vila Nova de Famalic\u00e3o, Vizela, Vieira do Minho e Vizela.<br \/>Contactos Endere\u00e7o postal: Rua Capit\u00e3o Alfredo Guimar\u00e3es, n.\u00ba 1, 4800-019, Guimar\u00e3es &nbsp;<br \/>Tel.: 253 422 410 &nbsp;<br \/>E-mail: triave@gmail.com &nbsp;<br \/>Web: www.triave.pt<\/p>\n<p>For more information: <a target=\"_blank\" href=\"http:\/\/www.consumidor.gov.pt\/\" rel=\"noopener noreferrer\">www.consumidor.pt<\/a><\/p>\n<p>[\/et_pb_text][\/et_pb_column][\/et_pb_row][\/et_pb_section][et_pb_section fb_built=&#8221;1&#8243; module_id=&#8221;PC&#8221; _builder_version=&#8221;3.3.1&#8243; custom_margin=&#8221;0px||0px|&#8221; custom_padding=&#8221;0px|0px|0px|0px&#8221;][et_pb_row custom_padding=&#8221;100px||100px|&#8221; custom_padding_tablet=&#8221;80px||80px|&#8221; custom_padding_phone=&#8221;60px||60px|&#8221; custom_margin=&#8221;0px||0px|&#8221; custom_padding_last_edited=&#8221;on|desktop&#8221; _builder_version=&#8221;3.0.106&#8243; background_size=&#8221;initial&#8221; background_position=&#8221;top_left&#8221; background_repeat=&#8221;repeat&#8221;][et_pb_column type=&#8221;4_4&#8243; _builder_version=&#8221;3.0.47&#8243;][et_pb_text _builder_version=&#8221;3.14&#8243; text_font=&#8221;||||||||&#8221; text_font_size=&#8221;15px&#8221; text_line_height=&#8221;1.3em&#8221; header_font=&#8221;||||||||&#8221; text_orientation=&#8221;justified&#8221; custom_margin=&#8221;0px||0px|&#8221; custom_padding=&#8221;0px||0px|&#8221;]<\/p>\n<h1>Cookies Policy:<\/h1>\n<p>&nbsp;<\/p>\n<p><strong>Use of Cookies:<\/strong><br \/>This site uses cookies to allow you to have a best experience.<br \/>If you continue to browse, you are giving your consent to the acceptance of such cookies as well as our Cookies Policy.<\/p>\n<p><strong>What are Cookies?<\/strong><br \/>Cookies are small text files written to your device when you access the websites.<br \/>These allow the storage of a set of user-related information, some of which are used to recognize the user in future visits to our site, and others are used to guarantee the features made available and to improve the user&#8217;s experience and performance on the site.<\/p>\n<p>The type of information that can be analyzed for the cookies are: username, e-mail address and password, the internet protocol (IP) address that is used to connect to the internet, the type and version of browser, operating system and platform used for the connection, web addresses (URLs) from which or through which you have accessed and left our services online, and the date and time of such activity, among others.<\/p>\n<p>Website cookies may be disabled or managed at any time. To find out how to do this go to the &#8220;Help&#8221; area of your Browser.<br \/>Warning: It&#8217;s important to note that some areas of the site may not function properly after cookies are disabled.<\/p>\n<p><strong>Purpose of the cookies?<\/strong><br \/>The use of cookies optimizes the user&#8217;s browsing, allowing the stored data to improve their experience in the site, also increasing the response efficiency of the web address.<br \/>Thus, they allow to eliminate some repetitive actions in the site, as well as assist in the presentation of information, to go as far as possible against their interests.<\/p>\n<p><strong>Types of Cookies Used:<\/strong><br \/>Cookies are segmented according to their purpose and expiration date.<br \/>&#8211; Essential cookies are key elements of access to certain areas of the site, such as access to secure areas of the site through login and password. By disabling cookies, the same services may not be queried.<br \/>&#8211; Feature cookies memorize the user&#8217;s browsing preferences.<br \/>&#8211; Analytical cookies allow the memorization of how a site is navigated, for the purpose of presenting products or services that meet the user, through the monitoring of the site. Examples are the ones that keep the pages most visited, the time in each page, the products or services searched, etc. These cookies store statistical information.<\/p>\n<p><strong>Consent Expression of Use of Cookies:<\/strong><br \/>The user accessing our site gives their consent to the use of cookies through an OK button on the banner that appears when the user visits our site for the first time.<\/p>\n<p>[\/et_pb_text][et_pb_button button_url=&#8221;https:\/\/candela.com.pt\/siteen\/&#8221; button_text=&#8221;Homepage&#8221; _builder_version=&#8221;3.21&#8243; custom_button=&#8221;on&#8221; button_text_size=&#8221;16px&#8221; button_font=&#8221;||||||||&#8221; button_icon=&#8221;%%19%%&#8221; button_icon_placement=&#8221;left&#8221; custom_margin=&#8221;50px||0px|&#8221; button_text_size__hover_enabled=&#8221;off&#8221; button_one_text_size__hover_enabled=&#8221;off&#8221; button_two_text_size__hover_enabled=&#8221;off&#8221; button_text_color__hover_enabled=&#8221;off&#8221; button_one_text_color__hover_enabled=&#8221;off&#8221; button_two_text_color__hover_enabled=&#8221;off&#8221; button_border_width__hover_enabled=&#8221;off&#8221; button_one_border_width__hover_enabled=&#8221;off&#8221; button_two_border_width__hover_enabled=&#8221;off&#8221; button_border_color__hover_enabled=&#8221;off&#8221; button_one_border_color__hover_enabled=&#8221;off&#8221; button_two_border_color__hover_enabled=&#8221;off&#8221; button_border_radius__hover_enabled=&#8221;off&#8221; button_one_border_radius__hover_enabled=&#8221;off&#8221; button_two_border_radius__hover_enabled=&#8221;off&#8221; button_letter_spacing__hover_enabled=&#8221;off&#8221; button_one_letter_spacing__hover_enabled=&#8221;off&#8221; button_two_letter_spacing__hover_enabled=&#8221;off&#8221; button_bg_color__hover_enabled=&#8221;off&#8221; button_one_bg_color__hover_enabled=&#8221;off&#8221; button_two_bg_color__hover_enabled=&#8221;off&#8221;][\/et_pb_button][\/et_pb_column][\/et_pb_row][\/et_pb_section][et_pb_section fb_built=&#8221;1&#8243; disabled_on=&#8221;off|off|off&#8221; _builder_version=&#8221;3.2.2&#8243; background_color=&#8221;#000000&#8243; border_width_top=&#8221;1px&#8221; border_color_top=&#8221;#FDC526&#8243; custom_padding=&#8221;0px||0px|&#8221; custom_padding_tablet=&#8221;0px||0px|&#8221; padding_mobile=&#8221;on&#8221; global_module=&#8221;34289&#8243;][et_pb_row make_fullwidth=&#8221;on&#8221; use_custom_gutter=&#8221;on&#8221; gutter_width=&#8221;2&#8243; custom_padding=&#8221;30px||10px|&#8221; custom_margin=&#8221;0px||0px|&#8221; column_padding_mobile=&#8221;on&#8221; parallax_method_1=&#8221;off&#8221; parallax_method_2=&#8221;off&#8221; parallax_method_3=&#8221;off&#8221; _builder_version=&#8221;3.2.2&#8243; background_size=&#8221;initial&#8221; background_position=&#8221;top_left&#8221; background_repeat=&#8221;repeat&#8221;][et_pb_column type=&#8221;2_3&#8243; _builder_version=&#8221;3.0.47&#8243;][et_pb_text admin_label=&#8221;Rodape nome do site&#8221; _builder_version=&#8221;3.12&#8243; text_font=&#8221;||||||||&#8221; text_text_color=&#8221;#ffffff&#8221; text_font_size=&#8221;13px&#8221; text_font_size_last_edited=&#8221;on|desktop&#8221; text_line_height=&#8221;1.3em&#8221; background_size=&#8221;initial&#8221; background_position=&#8221;top_left&#8221; background_repeat=&#8221;repeat&#8221; custom_margin=&#8221;0px||0px||true&#8221; custom_padding=&#8221;0px||0px||true&#8221;]<\/p>\n<p>\u00a9 Candela &#8211; Products Road Signs<\/p>\n<p>[\/et_pb_text][et_pb_text admin_label=&#8221;Rodape nome do site&#8221; module_class=&#8221;linkfooter&#8221; _builder_version=&#8221;3.21&#8243; text_font=&#8221;||||||||&#8221; text_text_color=&#8221;#cccccc&#8221; text_font_size=&#8221;12px&#8221; text_line_height=&#8221;1.3em&#8221; background_size=&#8221;initial&#8221; background_position=&#8221;top_left&#8221; background_repeat=&#8221;repeat&#8221; custom_margin=&#8221;0px||0px|&#8221; custom_padding=&#8221;8px||8px||true&#8221;]<\/p>\n<p><a href=\"https:\/\/candela.com.pt\/siteen\/protecao-de-dados\/#PP\">Privacy Policy<\/a> | <a href=\"https:\/\/candela.com.pt\/siteen\/protecao-de-dados\/#RLO\">Online Dispute Resolution<\/a> | <a href=\"https:\/\/candela.com.pt\/siteen\/protecao-de-dados\/#PC\">Cookies Policy<\/a><\/p>\n<p>[\/et_pb_text][et_pb_text admin_label=&#8221;Rodape nome do site&#8221; _builder_version=&#8221;3.6&#8243; text_font=&#8221;||||||||&#8221; text_text_color=&#8221;#cccccc&#8221; text_font_size=&#8221;12px&#8221; text_line_height=&#8221;1.3em&#8221; background_size=&#8221;initial&#8221; background_position=&#8221;top_left&#8221; background_repeat=&#8221;repeat&#8221; custom_margin=&#8221;0px||0px||true&#8221; custom_padding=&#8221;0px||0px||true&#8221;]<\/p>\n<p>webdesign by: <a style=\"color: #ccc;\" href=\"https:\/\/atualdesign.pt\/\" target=\"_blank\" rel=\"noopener noreferrer\">atualdesign.pt<\/a><\/p>\n<p>[\/et_pb_text][\/et_pb_column][et_pb_column type=&#8221;1_3&#8243; _builder_version=&#8221;3.0.47&#8243;][et_pb_social_media_follow disabled_on=&#8221;on|on|off&#8221; admin_label=&#8221;Redes sociais&#8221; _builder_version=&#8221;3.15&#8243; border_radii=&#8221;on|100%|100%|100%|100%&#8221; text_orientation=&#8221;right&#8221; custom_margin=&#8221;0px||0px|&#8221; custom_padding=&#8221;0px||0px|&#8221; link_shape=&#8221;circle&#8221;][et_pb_social_media_follow_network social_network=&#8221;facebook&#8221; url=&#8221;https:\/\/www.facebook.com\/candelasinalizacaorodoviaria&#8221; _builder_version=&#8221;3.15&#8243; background_color=&#8221;#3b5998&#8243; bg_color=&#8221;#3b5998&#8243; link_shape=&#8221;circle&#8221; follow_button=&#8221;off&#8221; url_new_window=&#8221;on&#8221;]facebook[\/et_pb_social_media_follow_network][\/et_pb_social_media_follow][et_pb_social_media_follow disabled_on=&#8221;off|off|on&#8221; admin_label=&#8221;Redes sociais&#8221; _builder_version=&#8221;3.15&#8243; border_radii=&#8221;on|100%|100%|100%|100%&#8221; text_orientation=&#8221;left&#8221; custom_margin=&#8221;0px||0px|&#8221; custom_padding=&#8221;0px||0px|&#8221; link_shape=&#8221;circle&#8221;][et_pb_social_media_follow_network social_network=&#8221;facebook&#8221; url=&#8221;https:\/\/www.facebook.com\/candelasinalizacaorodoviaria&#8221; _builder_version=&#8221;3.15&#8243; background_color=&#8221;#3b5998&#8243; bg_color=&#8221;#3b5998&#8243; link_shape=&#8221;circle&#8221; follow_button=&#8221;off&#8221; url_new_window=&#8221;on&#8221;]facebook[\/et_pb_social_media_follow_network][\/et_pb_social_media_follow][\/et_pb_column][\/et_pb_row][\/et_pb_section]<\/p>\n","protected":false},"excerpt":{"rendered":"<p>[et_pb_section fb_built=&#8221;1&#8243; module_id=&#8221;PP&#8221; _builder_version=&#8221;3.3.1&#8243; custom_margin=&#8221;0px||0px|&#8221; custom_padding=&#8221;0px|0px|0px|0px&#8221;][et_pb_row custom_padding=&#8221;100px||100px||true&#8221; custom_padding_tablet=&#8221;80px||80px|&#8221; custom_padding_phone=&#8221;60px||60px|&#8221; custom_margin=&#8221;0px||0px||true&#8221; custom_padding_last_edited=&#8221;on|desktop&#8221; _builder_version=&#8221;3.3.1&#8243; background_size=&#8221;initial&#8221; background_position=&#8221;top_left&#8221; background_repeat=&#8221;repeat&#8221;][et_pb_column type=&#8221;4_4&#8243; _builder_version=&#8221;3.0.47&#8243;][et_pb_text _builder_version=&#8221;3.14&#8243; text_font=&#8221;||||||||&#8221; text_font_size=&#8221;15px&#8221; text_line_height=&#8221;1.3em&#8221; header_font=&#8221;||||||||&#8221; text_orientation=&#8221;justified&#8221; custom_margin=&#8221;0px||0px|&#8221; custom_padding=&#8221;0px||0px|&#8221;] Privacy Policy GDPR &#8211; General Data Protection Regulation: Your privacy is important to us.We respect your privacy and are committed to protecting you. To best protect your privacy, we present [&hellip;]<\/p>\n","protected":false},"author":3,"featured_media":0,"parent":0,"menu_order":0,"comment_status":"closed","ping_status":"closed","template":"","meta":{"_et_pb_use_builder":"on","_et_pb_old_content":"","_et_gb_content_width":""},"_links":{"self":[{"href":"https:\/\/candela.com.pt\/siteen\/wp-json\/wp\/v2\/pages\/36182"}],"collection":[{"href":"https:\/\/candela.com.pt\/siteen\/wp-json\/wp\/v2\/pages"}],"about":[{"href":"https:\/\/candela.com.pt\/siteen\/wp-json\/wp\/v2\/types\/page"}],"author":[{"embeddable":true,"href":"https:\/\/candela.com.pt\/siteen\/wp-json\/wp\/v2\/users\/3"}],"replies":[{"embeddable":true,"href":"https:\/\/candela.com.pt\/siteen\/wp-json\/wp\/v2\/comments?post=36182"}],"version-history":[{"count":8,"href":"https:\/\/candela.com.pt\/siteen\/wp-json\/wp\/v2\/pages\/36182\/revisions"}],"predecessor-version":[{"id":36412,"href":"https:\/\/candela.com.pt\/siteen\/wp-json\/wp\/v2\/pages\/36182\/revisions\/36412"}],"wp:attachment":[{"href":"https:\/\/candela.com.pt\/siteen\/wp-json\/wp\/v2\/media?parent=36182"}],"curies":[{"name":"wp","href":"https:\/\/api.w.org\/{rel}","templated":true}]}}